{"id":16,"date":"2022-03-08T18:21:50","date_gmt":"2022-03-08T17:21:50","guid":{"rendered":"http:\/\/rites-mythes-traditions.com\/?page_id=16"},"modified":"2022-05-31T02:58:03","modified_gmt":"2022-05-31T00:58:03","slug":"blog","status":"publish","type":"page","link":"https:\/\/rites-mythes-traditions.com\/index.php\/blog\/","title":{"rendered":"Articles"},"content":{"rendered":"\n<div class=\"wp-block-media-text is-stacked-on-mobile is-image-fill\" style=\"grid-template-columns:29% auto\"><figure class=\"wp-block-media-text__media\" style=\"background-image:url(http:\/\/rites-mythes-traditions.com\/wp-content\/uploads\/2022\/03\/WhatsApp-Image-2022-03-08-at-19.51.52-1024x768.jpeg);background-position:43% 60%\"><img loading=\"lazy\" decoding=\"async\" width=\"1024\" height=\"768\" src=\"http:\/\/rites-mythes-traditions.com\/wp-content\/uploads\/2022\/03\/WhatsApp-Image-2022-03-08-at-19.51.52-1024x768.jpeg\" alt=\"\" class=\"wp-image-58 size-full\" srcset=\"https:\/\/rites-mythes-traditions.com\/wp-content\/uploads\/2022\/03\/WhatsApp-Image-2022-03-08-at-19.51.52-1024x768.jpeg 1024w, https:\/\/rites-mythes-traditions.com\/wp-content\/uploads\/2022\/03\/WhatsApp-Image-2022-03-08-at-19.51.52-300x225.jpeg 300w, https:\/\/rites-mythes-traditions.com\/wp-content\/uploads\/2022\/03\/WhatsApp-Image-2022-03-08-at-19.51.52-768x576.jpeg 768w, https:\/\/rites-mythes-traditions.com\/wp-content\/uploads\/2022\/03\/WhatsApp-Image-2022-03-08-at-19.51.52-1536x1152.jpeg 1536w, https:\/\/rites-mythes-traditions.com\/wp-content\/uploads\/2022\/03\/WhatsApp-Image-2022-03-08-at-19.51.52.jpeg 1600w\" sizes=\"auto, (max-width: 1024px) 100vw, 1024px\" \/><\/figure><div class=\"wp-block-media-text__content\">\n<pre id=\"block-f353218f-b08f-4b9b-b3f4-7c3ceada954c\" class=\"wp-block-preformatted\"><em>Comment se reconnecter \u00e0 des racines quand on vient de sortir de son pot\u00a0? <\/em>\n<em>En recherchant justement d\u2019autres racines, dans les terres nouvelles qui nous accueillent. En \u00e9coutant leurs mythes, en explorant leurs rites, en go\u00fbtant leur culture. Et en s\u2019en nourrissant pour s\u2019ancrer un peu plus profond\u00e9ment dans notre monde si riche.<\/em><\/pre>\n<\/div><\/div>\n\n\n\n<h2 class=\"has-text-align-center wp-block-heading\">Les derniers rites, mythes et traditions d\u00e9couverts dans ce voyage<\/h2>\n\n\n<ul class=\"wp-block-latest-posts__list is-grid columns-3 wp-block-latest-posts\"><li><a class=\"wp-block-latest-posts__post-title\" href=\"https:\/\/rites-mythes-traditions.com\/index.php\/2024\/02\/21\/origines-et-detail-des-samba-enredo-de-carnaval\/\">Origines et d\u00e9tail des \u00ab\u00a0Samba-enredo\u00a0\u00bb de Carnaval<\/a><div class=\"wp-block-latest-posts__post-excerpt\">Le Samba-Enredo, c&#8217;est le th\u00e8me et la musique de Samba de chaque \u00e9cole qui va porter le d\u00e9fil\u00e9 lors du grand concours du Carnaval de Rio. A l&#8217;origine des Samba Enredo: le concours de Samba de Carnaval Commen\u00e7ons par la Samba pour mettre le contexte. La Samba est apparue au d\u00e9but du XXeme si\u00e8cle, \u00e0 &hellip; <p class=\"link-more\"><a href=\"https:\/\/rites-mythes-traditions.com\/index.php\/2024\/02\/21\/origines-et-detail-des-samba-enredo-de-carnaval\/\" class=\"more-link\">Read more<span class=\"screen-reader-text\"> &#8220;Origines et d\u00e9tail des \u00ab\u00a0Samba-enredo\u00a0\u00bb de Carnaval&#8221;<\/span><\/a><\/p><\/div><\/li>\n<li><div class=\"wp-block-latest-posts__featured-image\"><img loading=\"lazy\" decoding=\"async\" width=\"150\" height=\"150\" src=\"https:\/\/rites-mythes-traditions.com\/wp-content\/uploads\/2022\/07\/WhatsApp-Image-2022-07-28-at-01.06.40-150x150.jpeg\" class=\"attachment-thumbnail size-thumbnail wp-post-image\" alt=\"\" style=\"\" sizes=\"auto, 100vw\" \/><\/div><a class=\"wp-block-latest-posts__post-title\" href=\"https:\/\/rites-mythes-traditions.com\/index.php\/2022\/07\/28\/la-legende-de-la-femme-serpent-de-getsemani\/\">La l\u00e9gende de la Femme Serpent de Getsemani<\/a><div class=\"wp-block-latest-posts__post-excerpt\">La Colombie regorge d&#8217;histoires de magie noire ou blanche, celle-ci illustre bien l&#8217;\u00e9tat d&#8217;esprit ambivalent de l&#8217;\u00e9poque de l&#8217;inquisition vis-\u00e0-vis de la magie et des femmes.<\/div><\/li>\n<li><div class=\"wp-block-latest-posts__featured-image\"><img loading=\"lazy\" decoding=\"async\" width=\"150\" height=\"150\" src=\"https:\/\/rites-mythes-traditions.com\/wp-content\/uploads\/2022\/06\/quadrilha-150x150.jpg\" class=\"attachment-thumbnail size-thumbnail wp-post-image\" alt=\"\" style=\"\" sizes=\"auto, 100vw\" \/><\/div><a class=\"wp-block-latest-posts__post-title\" href=\"https:\/\/rites-mythes-traditions.com\/index.php\/2022\/06\/23\/origine-des-festas-juninas-traditionnelles\/\">Origine et traditions des &#8220;festas Juninas&#8221;<\/a><div class=\"wp-block-latest-posts__post-excerpt\">Les plus grandes f\u00eates Br\u00e9siliennes apr\u00e8s le carnaval, \u00e0 d\u00e9couvrir en d\u00e9tail dans leur histoire aussi m\u00e9tiss\u00e9e que ce pays.<\/div><\/li>\n<li><div class=\"wp-block-latest-posts__featured-image\"><img loading=\"lazy\" decoding=\"async\" width=\"150\" height=\"150\" src=\"https:\/\/rites-mythes-traditions.com\/wp-content\/uploads\/2022\/05\/Grande-Rio-Carnaval-2022-150x150.jpg\" class=\"attachment-thumbnail size-thumbnail wp-post-image\" alt=\"\" style=\"\" sizes=\"auto, 100vw\" \/><\/div><a class=\"wp-block-latest-posts__post-title\" href=\"https:\/\/rites-mythes-traditions.com\/index.php\/2022\/05\/31\/le-mythe-dexu-orisha-star-du-candomble-bresilien\/\">Le mythe d&#8217;Exu, &#8220;orisha&#8221; star du Candombl\u00e9 Br\u00e9silien<\/a><div class=\"wp-block-latest-posts__post-excerpt\">D\u00e9couvrez qui est Exu, la divinit\u00e9 la plus controvers\u00e9e de la religion Candombl\u00e9 et surtout le Roi du Carnaval 2022 \u00e0 Rio. Attention, c&#8217;est peut \u00eatre votre &#8220;Orisha&#8221; !<\/div><\/li>\n<li><div class=\"wp-block-latest-posts__featured-image\"><img loading=\"lazy\" decoding=\"async\" width=\"150\" height=\"150\" src=\"https:\/\/rites-mythes-traditions.com\/wp-content\/uploads\/2022\/05\/WhatsApp-Image-2022-05-12-at-22.07.11-1-150x150.jpeg\" class=\"attachment-thumbnail size-thumbnail wp-post-image\" alt=\"\" style=\"\" sizes=\"auto, 100vw\" \/><\/div><a class=\"wp-block-latest-posts__post-title\" href=\"https:\/\/rites-mythes-traditions.com\/index.php\/2022\/05\/12\/carnaval-de-rio-le-concours-des-ecoles-de-samba\/\">Carnaval de Rio: le concours des Ecoles de Samba<\/a><div class=\"wp-block-latest-posts__post-excerpt\">Le d\u00e9fil\u00e9 du Sambodrome enfin expliqu\u00e9, avec tous les codes de ce spectacle grandiose qu&#8217;on a pu vivre. Attention les yeux !<\/div><\/li>\n<\/ul>\n\n\n<h2 class=\"wp-block-heading\">Les rites, mythes et traditions du Mexique, Costa Rica et Br\u00e9sil<\/h2>\n\n\n\n<div class=\"wp-block-query is-layout-flow wp-block-query-is-layout-flow\"><ul class=\"is-flex-container columns-3 wp-block-post-template is-layout-flow wp-block-post-template-is-layout-flow\"><li class=\"wp-block-post post-308 post type-post status-publish format-standard hentry category-bresil category-carnaval category-fetes category-tradition tag-bresil tag-carnaval tag-rio tag-samba\">\n\n\n<div class=\"wp-block-post-date\"><time datetime=\"2024-02-21T19:14:01+01:00\">21 February 2024<\/time><\/div>\n\n<h2 class=\"wp-block-post-title\">Origines et d\u00e9tail des \u00ab\u00a0Samba-enredo\u00a0\u00bb de Carnaval<\/h2>\n<\/li><li class=\"wp-block-post post-300 post type-post status-publish format-standard has-post-thumbnail hentry category-colombie category-legendes category-mythes tag-carthagene tag-femme-serpent tag-getsemani tag-legende tag-sorciere\">\n<figure class=\"wp-block-post-featured-image\"><img loading=\"lazy\" decoding=\"async\" width=\"2000\" height=\"900\" src=\"https:\/\/rites-mythes-traditions.com\/wp-content\/uploads\/2022\/07\/WhatsApp-Image-2022-07-28-at-01.06.40.jpeg\" class=\"attachment-post-thumbnail size-post-thumbnail wp-post-image\" alt=\"\" style=\"object-fit:cover;\" srcset=\"https:\/\/rites-mythes-traditions.com\/wp-content\/uploads\/2022\/07\/WhatsApp-Image-2022-07-28-at-01.06.40.jpeg 2000w, https:\/\/rites-mythes-traditions.com\/wp-content\/uploads\/2022\/07\/WhatsApp-Image-2022-07-28-at-01.06.40-300x135.jpeg 300w, https:\/\/rites-mythes-traditions.com\/wp-content\/uploads\/2022\/07\/WhatsApp-Image-2022-07-28-at-01.06.40-1024x461.jpeg 1024w, https:\/\/rites-mythes-traditions.com\/wp-content\/uploads\/2022\/07\/WhatsApp-Image-2022-07-28-at-01.06.40-768x346.jpeg 768w, https:\/\/rites-mythes-traditions.com\/wp-content\/uploads\/2022\/07\/WhatsApp-Image-2022-07-28-at-01.06.40-1536x691.jpeg 1536w\" sizes=\"auto, 100vw\" \/><\/figure>\n\n<div class=\"wp-block-post-date\"><time datetime=\"2022-07-28T06:33:50+02:00\">28 July 2022<\/time><\/div>\n\n<h2 class=\"wp-block-post-title\">La l\u00e9gende de la Femme Serpent de Getsemani<\/h2>\n<\/li><li class=\"wp-block-post post-282 post type-post status-publish format-standard has-post-thumbnail hentry category-bresil category-fetes category-tradition tag-bresil tag-danse tag-festa-junina tag-quadrilha\">\n<figure class=\"wp-block-post-featured-image\"><img loading=\"lazy\" decoding=\"async\" width=\"295\" height=\"171\" src=\"https:\/\/rites-mythes-traditions.com\/wp-content\/uploads\/2022\/06\/quadrilha.jpg\" class=\"attachment-post-thumbnail size-post-thumbnail wp-post-image\" alt=\"\" style=\"object-fit:cover;\" sizes=\"auto, 100vw\" \/><\/figure>\n\n<div class=\"wp-block-post-date\"><time datetime=\"2022-06-23T03:59:01+02:00\">23 June 2022<\/time><\/div>\n\n<h2 class=\"wp-block-post-title\">Origine et traditions des &#8220;festas Juninas&#8221;<\/h2>\n<\/li><\/ul>\n\n<nav class=\"wp-block-query-pagination is-layout-flex wp-block-query-pagination-is-layout-flex\" aria-label=\"Pagination\">\n\n\n<div class=\"wp-block-query-pagination-numbers\"><span aria-current=\"page\" class=\"page-numbers current\">1<\/span>\n<a class=\"page-numbers\" href=\"?query-0-page=2\">2<\/a>\n<a class=\"page-numbers\" href=\"?query-0-page=3\">3<\/a>\n<span class=\"page-numbers dots\">&hellip;<\/span>\n<a class=\"page-numbers\" href=\"?query-0-page=5\">5<\/a><\/div>\n\n<a href=\"\/index.php\/wp-json\/wp\/v2\/pages\/16?query-0-page=2\" class=\"wp-block-query-pagination-next\">Next Page<\/a>\n<\/nav>\n\n<\/div>\n","protected":false},"excerpt":{"rendered":"<p>Les derniers rites, mythes et traditions d\u00e9couverts dans ce voyage Les rites, mythes et traditions du Mexique, Costa Rica et Br\u00e9sil<\/p>\n","protected":false},"author":1,"featured_media":127,"parent":0,"menu_order":0,"comment_status":"closed","ping_status":"closed","template":"","meta":{"footnotes":""},"class_list":["post-16","page","type-page","status-publish","has-post-thumbnail","hentry"],"featured_media_urls":{"thumbnail":["https:\/\/rites-mythes-traditions.com\/wp-content\/uploads\/2022\/03\/WhatsApp-Image-2022-03-09-at-04.42.42-150x150.jpeg",150,150,true],"medium":["https:\/\/rites-mythes-traditions.com\/wp-content\/uploads\/2022\/03\/WhatsApp-Image-2022-03-09-at-04.42.42-300x225.jpeg",300,225,true],"medium_large":["https:\/\/rites-mythes-traditions.com\/wp-content\/uploads\/2022\/03\/WhatsApp-Image-2022-03-09-at-04.42.42-768x576.jpeg",768,576,true],"large":["https:\/\/rites-mythes-traditions.com\/wp-content\/uploads\/2022\/03\/WhatsApp-Image-2022-03-09-at-04.42.42-1024x768.jpeg",950,713,true],"1536x1536":["https:\/\/rites-mythes-traditions.com\/wp-content\/uploads\/2022\/03\/WhatsApp-Image-2022-03-09-at-04.42.42-1536x1152.jpeg",1536,1152,true],"2048x2048":["https:\/\/rites-mythes-traditions.com\/wp-content\/uploads\/2022\/03\/WhatsApp-Image-2022-03-09-at-04.42.42.jpeg",1600,1200,false],"inspiro-featured-image":["https:\/\/rites-mythes-traditions.com\/wp-content\/uploads\/2022\/03\/WhatsApp-Image-2022-03-09-at-04.42.42.jpeg",1600,1200,false],"inspiro-loop":["https:\/\/rites-mythes-traditions.com\/wp-content\/uploads\/2022\/03\/WhatsApp-Image-2022-03-09-at-04.42.42-950x320.jpeg",950,320,true],"inspiro-loop@2x":["https:\/\/rites-mythes-traditions.com\/wp-content\/uploads\/2022\/03\/WhatsApp-Image-2022-03-09-at-04.42.42-1600x640.jpeg",1600,640,true],"portfolio_item-thumbnail":["https:\/\/rites-mythes-traditions.com\/wp-content\/uploads\/2022\/03\/WhatsApp-Image-2022-03-09-at-04.42.42.jpeg",533,400,false]},"_links":{"self":[{"href":"https:\/\/rites-mythes-traditions.com\/index.php\/wp-json\/wp\/v2\/pages\/16","targetHints":{"allow":["GET"]}}],"collection":[{"href":"https:\/\/rites-mythes-traditions.com\/index.php\/wp-json\/wp\/v2\/pages"}],"about":[{"href":"https:\/\/rites-mythes-traditions.com\/index.php\/wp-json\/wp\/v2\/types\/page"}],"author":[{"embeddable":true,"href":"https:\/\/rites-mythes-traditions.com\/index.php\/wp-json\/wp\/v2\/users\/1"}],"replies":[{"embeddable":true,"href":"https:\/\/rites-mythes-traditions.com\/index.php\/wp-json\/wp\/v2\/comments?post=16"}],"version-history":[{"count":16,"href":"https:\/\/rites-mythes-traditions.com\/index.php\/wp-json\/wp\/v2\/pages\/16\/revisions"}],"predecessor-version":[{"id":264,"href":"https:\/\/rites-mythes-traditions.com\/index.php\/wp-json\/wp\/v2\/pages\/16\/revisions\/264"}],"wp:featuredmedia":[{"embeddable":true,"href":"https:\/\/rites-mythes-traditions.com\/index.php\/wp-json\/wp\/v2\/media\/127"}],"wp:attachment":[{"href":"https:\/\/rites-mythes-traditions.com\/index.php\/wp-json\/wp\/v2\/media?parent=16"}],"curies":[{"name":"wp","href":"https:\/\/api.w.org\/{rel}","templated":true}]}}